{"id":117,"date":"2021-10-17T12:31:49","date_gmt":"2021-10-17T10:31:49","guid":{"rendered":"https:\/\/www.chantebise.nl\/?page_id=117"},"modified":"2021-10-17T13:00:18","modified_gmt":"2021-10-17T11:00:18","slug":"montelimar","status":"publish","type":"page","link":"https:\/\/www.chantebise.nl\/index.php\/leuke-weetjes\/montelimar\/","title":{"rendered":"Montelimar"},"content":{"rendered":"\n<h1 class=\"wp-block-heading\">Vakantietip: Mont\u00e9limar nooit links laten liggen!<\/h1>\n\n\n\n<p>Ik was even in het noorden en reed -min of meer opgelucht- terug naar het zuiden. Zoals altijd kwam ik op de A7 onvermijdelijk langs Mont\u00e9limar in La Dr\u00f4me. Je kunt er meteen voorbij zoeven wat ik steeds gedaan heb. Maar ineens had ik zin in een tussenstop, ik had nog vele kilometers voor de boeg.<br>Zeg Mont\u00e9limar en je zegt noga -of nougat, zoals het mierzoete lekkers hier heet. Een snoepgoed dat Mont\u00e9limar zelfs op de wereldkaart heeft gezet.<br>Geen wonder dat je geen hoek kunt omslaan zonder een fabriek, een winkeltje, een kraam of een straatventer van noga tegen te komen. Sterker nog, in sommige delen van de stad ruik je de noga ook. Een heel bijzondere sensatie, maar niet zo gek als je bedenkt dat hier jaarlijks zo\u2019n 3000 ton van het zoete lekkers wordt geproduceerd. En dat de fabrieken en ateliers niet alleen aan de rand, maar ook middenin de stad te vinden zijn. <\/p>\n\n\n\n<p>Men grapt hier weleens dat zelfs het stokbrood naar noga smaakt; je hoeft er alleen maar vanaf de bakker mee naar huis te lopen\u2026. En ga er maar gerust vanuit dat de lokale bevolking daar trots op is. En dat er van alles aan gedaan wordt om de noga in zoveel mogelijk soorten en vari\u00ebteiten aan de man te brengen. Want noga is meer dan een lokale lekkernij: het spul heeft de stad groot gemaakt. Het vormt de basis voor tal van gerechten en maakt bovendien prominent deel uit van \u2018Les treize desserts\u2019: de dertien nagerechten die al sinds de oudheid worden opgediend na de kerstavond-mis en die een rotsvast onderdeel vormen van een onwankelbare Proven\u00e7aalse traditie.<\/p>\n\n\n\n<p><strong>De Romeinen legden de A7 aan<\/strong><br>Valt er dan niks anders te beleven in Mont\u00e9limar? Natuurlijk wel. Maar dat moet even uitgelegd. De geschiedenis plaatst de oorsprong van de stad op zo\u2019n 5000 jaar geleden en dat levert een rijke historische erfenis op. Ga maar na: hier woonden achtereenvolgens Iberianen, Kelten en Romeinen, en dan zijn we pas bij 1000 voor Christus. Allemaal lieten ze hun sporen na en die zijn terug te vinden in de vele archeologische vondsten die her en der in de stad te bewonderen zijn.<br>De Romeinen bleven trouwens het langst hangen.In 40 na Christus legden ze zelfs de huidige snelweg A7 aan, al heette die toen nog niet zo. De \u2018Via Agrippa\u2019 was niet meer dan een moeizaam modderpad tussen Lyon en Arles. En omdat er onderweg toch af en toe gefourageerd moest worden, werd er aangelegd in Acunum, dat ongeveer halverwege lag: een Romeins gehuchtje, zo\u2019n beetje naast de Rh\u00f4ne. Alles vredig, iedereen tevreden.<\/p>\n\n\n\n<p><strong>Toen kwamen de Barbaren<\/strong><br>Maar ja, toen kwamen de Barbaren -we zijn inmiddels in de vijfde eeuw beland- en werd Acunum gedwongen zich te verdedigen tegen die brute invallers. Stadswallen werden opgeworpen en Rome kwam over de brug met een flinke legermacht. Dat kostte (te)veel geld, dus liet Rome na verloop van tijd de boel de boel en kon de regio verder zelf voor de verdediging zorgen. Het werd een zooitje. <\/p>\n\n\n\n<p>Maar er is meer te zien. Zoals het Mus\u00e9e de la Miniature (19, Rue Pierre Julien) waar alles mini is; van tinnen soldaatjes en piepkleine schaakbordjes, tot en met Engelse poppenhuizen, oosterse schrifturen en de allerkleinste micro-miniaturen van Russische origine.<br>In schril contrast ermee staat het Mus\u00e9e Europ\u00e9en de l\u2019aviation de chasse, oftewel het straaljagermuseum (A\u00e9rodr\u00f4me de Mont\u00e9limar). Ruim 50 jachtvliegtuigen verdeeld over twee hectaren, met alles wat er zoal aan oorlogsmateriaal bij te pas komt. En ja, je mag erin. Je mag er alleen niet mee vliegen.<br>Ook een bezoekje meer dan waard: \u2018la maison Emile Loubet\u2019. Hij was burgemeester van Mont\u00e9limar en werd vervolgens president van de Franse Republiek (1899-1906). Dankzij hem kwam er in Frankrijk een scheiding tussen kerk en staat, \u2018la la\u00efcit\u00e9.\u2019 Het huis waar hij vrijwel zijn hele leven woonde en werkte, is vrij te bezichtigen.<\/p>\n\n\n\n<p><strong>Artisanale boetiekjes<\/strong><br>Mooi, interessant, maar je wilt toch ook een beetje shoppen. En ergens lekker op een terrasje neerstrijken, of een aantrekkelijk eethuis van binnen zien. Kan allemaal! Al is het soms even zoeken. Vergeet in elk geval de modewinkeltjes en -accessoires \u2018dernier cri\u2019.<br>Hier moet je het toch meer hebben van de artisanale boetiekjes, met lokale en regionale artikelen. Met de nadruk op gebruiksaardewerk, keramiek, sieraden en moza\u00efek. En vanzelfsprekend zijn er talloze winkeltjes met producten uit de streek: olijven en olijfolie, truffels, wijn, knoflook en alles wat met lavendel te maken heeft.<\/p>\n\n\n\n<p><strong>In het hart van de lavendelstreek<\/strong><br>Want Mont\u00e9limar ligt in het hart van de lavendelstreek. De stad is dan ook een prima uitvalsbasis voor het maken van \u00e9\u00e9n van de vele lavendelroutes die in de omgeving zijn uitgezet. Vooral in juni en juli zijn de velden op hun mooist en is een bezoekje aan een lavendel verwerkend bedrijf een ontdekkingsreis op zich. Hier kun je zien hoe het basisproduct wordt omgetoverd in heerlijke oli\u00ebn en parfums, in zeep, in geneeskrachtige essences (aromatherapie!), in geurbuiltjes en in kruiderij voor gebruik in de keuken. Want lavendel is eetbaar en wordt zeer gewaardeerd in de Proven\u00e7aalse keuken. Tja, en dan komen we toch weer terug bij de noga, want dat is en blijft het belangrijkste product van en voor Mont\u00e9limar. Vanzelfsprekend zijn er musea aan gewijd, maar het leuktse is het om een werkende fabriek te bezoeken. De Nougaterie Soubeyran is de bekendste en heeft ook het meeste te bieden. Hier vind je een compleet museum en behalve een sightseeing tour door de fabriek, begeleid door zo ongeveer de oudste noga-specialist van Frankrijk, kan er ook gesmikkeld worden van de vele noga-varianten in de bijbehorende tearoom. Kopen kan in de speciale boetiek, maar ook via internet.<br>Goede tweede is het Palais du Bonbons et du Nougat. Dat Snoep- en Nogapaleis, of het Internationaal Suikerwerk Museum, is eigenlijk een enorme bonbonni\u00e8re van 800 m2. Het is gevestigd in een metaalconstructie in de stijl van architect Eiffel en is in alle opzichten een plek om van te watertanden.<br>Ook niet te versmaden: Nougat le Chaudron d\u2019Or (7 Ave. du 52\u00e8me r\u00e9giment BP 171) waar expert Herv\u00e9 Contaux met passie weet te vertellen over alle aspecten van Mont\u00e9limar en de nogafabricage; tradities, geschiedenis, kijken, proeven en genieten voor de liefhebbers.<\/p>\n\n\n\n<p>bron: kijk zuid frankrijk<\/p>\n","protected":false},"excerpt":{"rendered":"<p>Vakantietip: Mont\u00e9limar nooit links laten liggen! Ik was even in het noorden en reed -min of meer opgelucht- terug naar het zuiden. Zoals altijd kwam ik op de A7 onvermijdelijk langs Mont\u00e9limar in La Dr\u00f4me. Je kunt er meteen voorbij zoeven wat ik steeds gedaan heb. Maar ineens had ik zin in een tussenstop, ik&#8230;<\/p>\n","protected":false},"author":1,"featured_media":0,"parent":65,"menu_order":1,"comment_status":"closed","ping_status":"closed","template":"","meta":{"footnotes":""},"class_list":["post-117","page","type-page","status-publish","hentry"],"_links":{"self":[{"href":"https:\/\/www.chantebise.nl\/index.php\/wp-json\/wp\/v2\/pages\/117","targetHints":{"allow":["GET"]}}],"collection":[{"href":"https:\/\/www.chantebise.nl\/index.php\/wp-json\/wp\/v2\/pages"}],"about":[{"href":"https:\/\/www.chantebise.nl\/index.php\/wp-json\/wp\/v2\/types\/page"}],"author":[{"embeddable":true,"href":"https:\/\/www.chantebise.nl\/index.php\/wp-json\/wp\/v2\/users\/1"}],"replies":[{"embeddable":true,"href":"https:\/\/www.chantebise.nl\/index.php\/wp-json\/wp\/v2\/comments?post=117"}],"version-history":[{"count":8,"href":"https:\/\/www.chantebise.nl\/index.php\/wp-json\/wp\/v2\/pages\/117\/revisions"}],"predecessor-version":[{"id":130,"href":"https:\/\/www.chantebise.nl\/index.php\/wp-json\/wp\/v2\/pages\/117\/revisions\/130"}],"up":[{"embeddable":true,"href":"https:\/\/www.chantebise.nl\/index.php\/wp-json\/wp\/v2\/pages\/65"}],"wp:attachment":[{"href":"https:\/\/www.chantebise.nl\/index.php\/wp-json\/wp\/v2\/media?parent=117"}],"curies":[{"name":"wp","href":"https:\/\/api.w.org\/{rel}","templated":true}]}}